{"id":957,"date":"2017-03-28T08:00:16","date_gmt":"2017-03-28T12:00:16","guid":{"rendered":"http:\/\/pottonheritage.org\/?page_id=957"},"modified":"2021-12-25T17:38:26","modified_gmt":"2021-12-25T22:38:26","slug":"histoire-potton-history","status":"publish","type":"page","link":"https:\/\/pottonheritage.org\/?page_id=957","title":{"rendered":"Histoire Potton History"},"content":{"rendered":"<p style=\"text-align: center;\">The bilingual Revue<em> Histoire Potton History <\/em>is published by the<br \/>\nPotton Heritage Association<\/p>\n<p style=\"text-align: center;\">For reprints of articles visit the Digital Library<\/p>\n<p><a href=\"https:\/\/patrimoinepotton.org\/appnum\/s\/HPH\"><img loading=\"lazy\" decoding=\"async\" class=\"aligncenter size-full wp-image-3434\" src=\"https:\/\/pottonheritage.org\/wpe\/wp-content\/uploads\/2019\/10\/R_HPH.jpg\" alt=\"\" width=\"1024\" height=\"273\" srcset=\"https:\/\/pottonheritage.org\/wpe\/wp-content\/uploads\/2019\/10\/R_HPH.jpg 1024w, https:\/\/pottonheritage.org\/wpe\/wp-content\/uploads\/2019\/10\/R_HPH-300x80.jpg 300w, https:\/\/pottonheritage.org\/wpe\/wp-content\/uploads\/2019\/10\/R_HPH-768x205.jpg 768w\" sizes=\"auto, (max-width: 1024px) 100vw, 1024px\" \/><\/a><\/p>\n<ul>\n<li><a href=\"https:\/\/pottonheritage.org\/?page_id=3874\">Volume 8 &#8211; Number 1 &#8211; Fall 2021<\/a>&nbsp;| Special Edition 30th Anniversary<\/li>\n<li><a href=\"https:\/\/patrimoinepotton.org\/?page_id=8209\">Volume 7 &#8211; Number 1 &#8211; Spring 2020<\/a><\/li>\n<li><a href=\"https:\/\/patrimoinepotton.org\/?page_id=7008\">Volume 6 &#8211; Number 2 &#8211; Fall 2018<\/a><\/li>\n<li><a href=\"https:\/\/patrimoinepotton.org\/?page_id=6487\">Volume 6 &#8211; Number 1 &#8211; Spring 2018<\/a><\/li>\n<li><a href=\"https:\/\/patrimoinepotton.org\/?page_id=5482\">Volume 5 &#8211; Number 2 &#8211; Fall 2017<\/a><\/li>\n<li><a href=\"https:\/\/patrimoinepotton.org\/?page_id=5935\">Volume 5 &#8211; Number 1 &#8211; Spring 2017<\/a><\/li>\n<li><a href=\"https:\/\/patrimoinepotton.org\/?page_id=4793\">Volume 4 &#8211; Number 2 &#8211; Fall 2016<\/a><\/li>\n<li><a href=\"https:\/\/patrimoinepotton.org\/?page_id=4140\">Volume 4 &#8211; Number 1 &#8211; Spring 2016<\/a><\/li>\n<li><a href=\"https:\/\/patrimoinepotton.org\/?page_id=3798\">Volume 3 &#8211; Number 3 &#8211; Fall 2015<\/a> | Special Edition (Freemasonry)<\/li>\n<li><a title=\"Histoire Potton History Volume 3 Num\u00e9ro 2\" href=\"https:\/\/patrimoinepotton.org\/?page_id=3520\">Volume 3 &#8211; Number 2 &#8211; Spring 2015<\/a> | Special Edition 25th Anniversary<\/li>\n<li><a title=\"Histoire Potton History Volume 1 Num\u00e9ro 1\" href=\"https:\/\/patrimoinepotton.org\/?page_id=3503\">Volume 3 &#8211; Number 1 &#8211; Spring 2015<\/a><\/li>\n<li><a title=\"Histoire Potton History Volume 2 Num\u00e9ro 2\" href=\"https:\/\/patrimoinepotton.org\/?page_id=2729\">Volume 2 &#8211; Number 2 &#8211; Fall 2014<\/a><\/li>\n<li><a title=\"Histoire Potton History Volume 2 Num\u00e9ro 1\" href=\"https:\/\/patrimoinepotton.org\/?page_id=2580\">Volume 2 &#8211; Number 1 &#8211; Spring 2014<\/a><\/li>\n<li><a title=\"Histoire Potton History Volume 1 Num\u00e9ro 2\" href=\"https:\/\/patrimoinepotton.org\/?page_id=2426\">Volume 1 &#8211; Number 2 &#8211; Fall 2013<\/a><\/li>\n<li><a title=\"Histoire Potton History Volume 1 Num\u00e9ro 1\" href=\"https:\/\/patrimoinepotton.org\/?page_id=2424\">Volume 1 &#8211; Number 1 &#8211; Spring 2013<\/a><\/li>\n<\/ul>\n<p>Printed edition : 15 $<br \/>\nSubscribtion : <a href=\"mailto:info@patrimoinepotton.org\">info@patrimoinepotton.org<\/a><\/p>\n<p>D\u00e9p\u00f4t l\u00e9gal<br \/>\nBiblioth\u00e8que et Archives nationales du Qu\u00e9bec<br \/>\nBiblioth\u00e8que et Archives Canada<br \/>\nN<sup>o<\/sup> ISSN 2291-8094 (Print)<br \/>\nN<sup>o<\/sup> ISSN 2291-8108 (On line)<\/p>\n","protected":false},"excerpt":{"rendered":"<p>The bilingual Revue Histoire Potton History is published by the Potton Heritage Association For reprints of articles visit the Digital Library Volume 8 &#8211; Number 1 &#8211; Fall 2021&nbsp;| Special Edition 30th Anniversary Volume 7 &#8211; Number 1 &#8211; Spring 2020 Volume 6 &#8211; Number 2 &#8211; Fall 2018 Volume 6 &#8211; Number 1 &#8211; [&hellip;]<\/p>\n","protected":false},"author":1,"featured_media":1446,"parent":0,"menu_order":0,"comment_status":"closed","ping_status":"closed","template":"","meta":{"ngg_post_thumbnail":0,"_mc_calendar":[],"footnotes":""},"class_list":["post-957","page","type-page","status-publish","has-post-thumbnail","hentry"],"_links":{"self":[{"href":"https:\/\/pottonheritage.org\/index.php?rest_route=\/wp\/v2\/pages\/957","targetHints":{"allow":["GET"]}}],"collection":[{"href":"https:\/\/pottonheritage.org\/index.php?rest_route=\/wp\/v2\/pages"}],"about":[{"href":"https:\/\/pottonheritage.org\/index.php?rest_route=\/wp\/v2\/types\/page"}],"author":[{"embeddable":true,"href":"https:\/\/pottonheritage.org\/index.php?rest_route=\/wp\/v2\/users\/1"}],"replies":[{"embeddable":true,"href":"https:\/\/pottonheritage.org\/index.php?rest_route=%2Fwp%2Fv2%2Fcomments&post=957"}],"version-history":[{"count":0,"href":"https:\/\/pottonheritage.org\/index.php?rest_route=\/wp\/v2\/pages\/957\/revisions"}],"wp:featuredmedia":[{"embeddable":true,"href":"https:\/\/pottonheritage.org\/index.php?rest_route=\/wp\/v2\/media\/1446"}],"wp:attachment":[{"href":"https:\/\/pottonheritage.org\/index.php?rest_route=%2Fwp%2Fv2%2Fmedia&parent=957"}],"curies":[{"name":"wp","href":"https:\/\/api.w.org\/{rel}","templated":true}]}}